{"id":1058,"date":"2020-07-21T12:26:50","date_gmt":"2020-07-21T12:26:50","guid":{"rendered":"https:\/\/startersites.io\/brizy\/modern-shop\/?page_id=3"},"modified":"2020-07-21T12:26:50","modified_gmt":"2020-07-21T12:26:50","slug":"privacy-policy-2","status":"publish","type":"page","link":"https:\/\/dreamy-aryabhata.88-208-243-145.plesk.page\/index.php\/privacy-policy-2\/","title":{"rendered":"Privacy Policy"},"content":{"rendered":"\n<p>Lorem ipsum dolor sit amet, consectetur adipiscing elit, sed do eiusmod tempor incididunt ut labore et dolore magna aliqua. Sit amet nulla facilisi morbi tempus. Ultrices in iaculis nunc sed augue lacus viverra. Quam vulputate dignissim suspendisse in est ante in. Fringilla est ullamcorper eget nulla facilisi. Amet tellus cras adipiscing enim eu turpis. <\/p>\n\n\n\n<p>Eget nullam non nisi est sit amet facilisis magna. Egestas purus viverra accumsan in nisl nisi scelerisque eu ultrices. Quam pellentesque nec nam aliquam sem et tortor consequat. Elementum integer enim neque volutpat ac. Donec enim diam vulputate ut pharetra. Facilisis volutpat est velit egestas dui id ornare arcu. Sed lectus vestibulum mattis ullamcorper velit sed ullamcorper. <\/p>\n\n\n\n<p>Sed faucibus turpis in eu mi bibendum neque egestas congue. Lectus nulla at volutpat diam. Blandit turpis cursus in hac habitasse. Praesent elementum facilisis leo vel fringilla est ullamcorper eget nulla. Quam lacus suspendisse faucibus interdum. Duis at tellus at urna condimentum. Accumsan sit amet nulla facilisi morbi tempus.<\/p>\n","protected":false},"excerpt":{"rendered":"<p>Lorem ipsum dolor sit amet, consectetur adipiscing elit, sed do eiusmod tempor incididunt ut labore et dolore magna aliqua. Sit amet nulla facilisi morbi tempus. Ultrices in iaculis nunc sed augue lacus viverra. Quam vulputate dignissim suspendisse in est ante in. Fringilla est ullamcorper eget nulla facilisi. Amet tellus cras adipiscing enim eu turpis. Eget [&hellip;]<\/p>\n","protected":false},"author":1,"featured_media":0,"parent":0,"menu_order":0,"comment_status":"closed","ping_status":"open","template":"","meta":{"footnotes":""},"class_list":["post-1058","page","type-page","status-publish","hentry"],"blocksy_meta":{"styles_descriptor":{"styles":{"desktop":"","tablet":"","mobile":""},"google_fonts":[]}},"yoast_head":"<!-- This site is optimized with the Yoast SEO plugin v21.8.1 - https:\/\/yoast.com\/wordpress\/plugins\/seo\/ -->\n<title>Privacy Policy - Services Privil\u00e8ge<\/title>\n<meta name=\"robots\" content=\"index, follow, max-snippet:-1, max-image-preview:large, max-video-preview:-1\" \/>\n<link rel=\"canonical\" href=\"https:\/\/dreamy-aryabhata.88-208-243-145.plesk.page\/index.php\/privacy-policy-2\/\" \/>\n<meta property=\"og:locale\" content=\"fr_FR\" \/>\n<meta property=\"og:type\" content=\"article\" \/>\n<meta property=\"og:title\" content=\"Privacy Policy - Services Privil\u00e8ge\" \/>\n<meta property=\"og:description\" content=\"Lorem ipsum dolor sit amet, consectetur adipiscing elit, sed do eiusmod tempor incididunt ut labore et dolore magna aliqua. Sit amet nulla facilisi morbi tempus. Ultrices in iaculis nunc sed augue lacus viverra. Quam vulputate dignissim suspendisse in est ante in. Fringilla est ullamcorper eget nulla facilisi. Amet tellus cras adipiscing enim eu turpis. Eget [&hellip;]\" \/>\n<meta property=\"og:url\" content=\"https:\/\/dreamy-aryabhata.88-208-243-145.plesk.page\/index.php\/privacy-policy-2\/\" \/>\n<meta property=\"og:site_name\" content=\"Services Privil\u00e8ge\" \/>\n<meta name=\"twitter:card\" content=\"summary_large_image\" \/>\n<meta name=\"twitter:label1\" content=\"Dur\u00e9e de lecture estim\u00e9e\" \/>\n\t<meta name=\"twitter:data1\" content=\"1 minute\" \/>\n<script type=\"application\/ld+json\" class=\"yoast-schema-graph\">{\"@context\":\"https:\/\/schema.org\",\"@graph\":[{\"@type\":\"WebPage\",\"@id\":\"https:\/\/dreamy-aryabhata.88-208-243-145.plesk.page\/index.php\/privacy-policy-2\/\",\"url\":\"https:\/\/dreamy-aryabhata.88-208-243-145.plesk.page\/index.php\/privacy-policy-2\/\",\"name\":\"Privacy Policy - Services Privil\u00e8ge\",\"isPartOf\":{\"@id\":\"https:\/\/dreamy-aryabhata.88-208-243-145.plesk.page\/#website\"},\"datePublished\":\"2020-07-21T12:26:50+00:00\",\"dateModified\":\"2020-07-21T12:26:50+00:00\",\"breadcrumb\":{\"@id\":\"https:\/\/dreamy-aryabhata.88-208-243-145.plesk.page\/index.php\/privacy-policy-2\/#breadcrumb\"},\"inLanguage\":\"fr-FR\",\"potentialAction\":[{\"@type\":\"ReadAction\",\"target\":[\"https:\/\/dreamy-aryabhata.88-208-243-145.plesk.page\/index.php\/privacy-policy-2\/\"]}]},{\"@type\":\"BreadcrumbList\",\"@id\":\"https:\/\/dreamy-aryabhata.88-208-243-145.plesk.page\/index.php\/privacy-policy-2\/#breadcrumb\",\"itemListElement\":[{\"@type\":\"ListItem\",\"position\":1,\"name\":\"Accueil\",\"item\":\"https:\/\/dreamy-aryabhata.88-208-243-145.plesk.page\/\"},{\"@type\":\"ListItem\",\"position\":2,\"name\":\"Privacy Policy\"}]},{\"@type\":\"WebSite\",\"@id\":\"https:\/\/dreamy-aryabhata.88-208-243-145.plesk.page\/#website\",\"url\":\"https:\/\/dreamy-aryabhata.88-208-243-145.plesk.page\/\",\"name\":\"Services Privil\u00e8ge\",\"description\":\"\",\"publisher\":{\"@id\":\"https:\/\/dreamy-aryabhata.88-208-243-145.plesk.page\/#organization\"},\"potentialAction\":[{\"@type\":\"SearchAction\",\"target\":{\"@type\":\"EntryPoint\",\"urlTemplate\":\"https:\/\/dreamy-aryabhata.88-208-243-145.plesk.page\/?s={search_term_string}\"},\"query-input\":\"required name=search_term_string\"}],\"inLanguage\":\"fr-FR\"},{\"@type\":\"Organization\",\"@id\":\"https:\/\/dreamy-aryabhata.88-208-243-145.plesk.page\/#organization\",\"name\":\"Services Privil\u00e8ge\",\"url\":\"https:\/\/dreamy-aryabhata.88-208-243-145.plesk.page\/\",\"logo\":{\"@type\":\"ImageObject\",\"inLanguage\":\"fr-FR\",\"@id\":\"https:\/\/dreamy-aryabhata.88-208-243-145.plesk.page\/#\/schema\/logo\/image\/\",\"url\":\"https:\/\/dreamy-aryabhata.88-208-243-145.plesk.page\/wp-content\/uploads\/2020\/03\/logo.svg\",\"contentUrl\":\"https:\/\/dreamy-aryabhata.88-208-243-145.plesk.page\/wp-content\/uploads\/2020\/03\/logo.svg\",\"width\":191,\"height\":35,\"caption\":\"Services Privil\u00e8ge\"},\"image\":{\"@id\":\"https:\/\/dreamy-aryabhata.88-208-243-145.plesk.page\/#\/schema\/logo\/image\/\"}}]}<\/script>\n<!-- \/ Yoast SEO plugin. -->","yoast_head_json":{"title":"Privacy Policy - Services Privil\u00e8ge","robots":{"index":"index","follow":"follow","max-snippet":"max-snippet:-1","max-image-preview":"max-image-preview:large","max-video-preview":"max-video-preview:-1"},"canonical":"https:\/\/dreamy-aryabhata.88-208-243-145.plesk.page\/index.php\/privacy-policy-2\/","og_locale":"fr_FR","og_type":"article","og_title":"Privacy Policy - Services Privil\u00e8ge","og_description":"Lorem ipsum dolor sit amet, consectetur adipiscing elit, sed do eiusmod tempor incididunt ut labore et dolore magna aliqua. Sit amet nulla facilisi morbi tempus. Ultrices in iaculis nunc sed augue lacus viverra. Quam vulputate dignissim suspendisse in est ante in. Fringilla est ullamcorper eget nulla facilisi. Amet tellus cras adipiscing enim eu turpis. Eget [&hellip;]","og_url":"https:\/\/dreamy-aryabhata.88-208-243-145.plesk.page\/index.php\/privacy-policy-2\/","og_site_name":"Services Privil\u00e8ge","twitter_card":"summary_large_image","twitter_misc":{"Dur\u00e9e de lecture estim\u00e9e":"1 minute"},"schema":{"@context":"https:\/\/schema.org","@graph":[{"@type":"WebPage","@id":"https:\/\/dreamy-aryabhata.88-208-243-145.plesk.page\/index.php\/privacy-policy-2\/","url":"https:\/\/dreamy-aryabhata.88-208-243-145.plesk.page\/index.php\/privacy-policy-2\/","name":"Privacy Policy - Services Privil\u00e8ge","isPartOf":{"@id":"https:\/\/dreamy-aryabhata.88-208-243-145.plesk.page\/#website"},"datePublished":"2020-07-21T12:26:50+00:00","dateModified":"2020-07-21T12:26:50+00:00","breadcrumb":{"@id":"https:\/\/dreamy-aryabhata.88-208-243-145.plesk.page\/index.php\/privacy-policy-2\/#breadcrumb"},"inLanguage":"fr-FR","potentialAction":[{"@type":"ReadAction","target":["https:\/\/dreamy-aryabhata.88-208-243-145.plesk.page\/index.php\/privacy-policy-2\/"]}]},{"@type":"BreadcrumbList","@id":"https:\/\/dreamy-aryabhata.88-208-243-145.plesk.page\/index.php\/privacy-policy-2\/#breadcrumb","itemListElement":[{"@type":"ListItem","position":1,"name":"Accueil","item":"https:\/\/dreamy-aryabhata.88-208-243-145.plesk.page\/"},{"@type":"ListItem","position":2,"name":"Privacy Policy"}]},{"@type":"WebSite","@id":"https:\/\/dreamy-aryabhata.88-208-243-145.plesk.page\/#website","url":"https:\/\/dreamy-aryabhata.88-208-243-145.plesk.page\/","name":"Services Privil\u00e8ge","description":"","publisher":{"@id":"https:\/\/dreamy-aryabhata.88-208-243-145.plesk.page\/#organization"},"potentialAction":[{"@type":"SearchAction","target":{"@type":"EntryPoint","urlTemplate":"https:\/\/dreamy-aryabhata.88-208-243-145.plesk.page\/?s={search_term_string}"},"query-input":"required name=search_term_string"}],"inLanguage":"fr-FR"},{"@type":"Organization","@id":"https:\/\/dreamy-aryabhata.88-208-243-145.plesk.page\/#organization","name":"Services Privil\u00e8ge","url":"https:\/\/dreamy-aryabhata.88-208-243-145.plesk.page\/","logo":{"@type":"ImageObject","inLanguage":"fr-FR","@id":"https:\/\/dreamy-aryabhata.88-208-243-145.plesk.page\/#\/schema\/logo\/image\/","url":"https:\/\/dreamy-aryabhata.88-208-243-145.plesk.page\/wp-content\/uploads\/2020\/03\/logo.svg","contentUrl":"https:\/\/dreamy-aryabhata.88-208-243-145.plesk.page\/wp-content\/uploads\/2020\/03\/logo.svg","width":191,"height":35,"caption":"Services Privil\u00e8ge"},"image":{"@id":"https:\/\/dreamy-aryabhata.88-208-243-145.plesk.page\/#\/schema\/logo\/image\/"}}]}},"_links":{"self":[{"href":"https:\/\/dreamy-aryabhata.88-208-243-145.plesk.page\/index.php\/wp-json\/wp\/v2\/pages\/1058","targetHints":{"allow":["GET"]}}],"collection":[{"href":"https:\/\/dreamy-aryabhata.88-208-243-145.plesk.page\/index.php\/wp-json\/wp\/v2\/pages"}],"about":[{"href":"https:\/\/dreamy-aryabhata.88-208-243-145.plesk.page\/index.php\/wp-json\/wp\/v2\/types\/page"}],"author":[{"embeddable":true,"href":"https:\/\/dreamy-aryabhata.88-208-243-145.plesk.page\/index.php\/wp-json\/wp\/v2\/users\/1"}],"replies":[{"embeddable":true,"href":"https:\/\/dreamy-aryabhata.88-208-243-145.plesk.page\/index.php\/wp-json\/wp\/v2\/comments?post=1058"}],"version-history":[{"count":0,"href":"https:\/\/dreamy-aryabhata.88-208-243-145.plesk.page\/index.php\/wp-json\/wp\/v2\/pages\/1058\/revisions"}],"wp:attachment":[{"href":"https:\/\/dreamy-aryabhata.88-208-243-145.plesk.page\/index.php\/wp-json\/wp\/v2\/media?parent=1058"}],"curies":[{"name":"wp","href":"https:\/\/api.w.org\/{rel}","templated":true}]}}