{"id":1051,"date":"2020-07-28T10:14:02","date_gmt":"2020-07-28T10:14:02","guid":{"rendered":"https:\/\/startersites.io\/brizy\/modern-shop\/?page_id=1051"},"modified":"2025-02-19T20:07:11","modified_gmt":"2025-02-19T20:07:11","slug":"contact-us","status":"publish","type":"page","link":"https:\/\/dreamy-aryabhata.88-208-243-145.plesk.page\/index.php\/contact-us\/","title":{"rendered":"Contact Us"},"content":{"rendered":"<div class=\"brz-root__container brz-reset-all\">\n<section id=\"erfznxpsqjqkxymhhurwiqdbyzlusdikglmz\" class=\"brz-section brz-css-gTUrQ\">\n<div class=\"brz-section__content brz-section--boxed brz-css-q1tmj brz-css-bOnQM\" data-brz-custom-id=\"acxljsovmyhoeuyleafrerwszcpdefsmogrv\">\n<div class=\"brz-bg\">\n<div class=\"brz-bg-image\"><\/div>\n<\/div>\n<div class=\"brz-container brz-css-kJPCx brz-css-lRyiC\">\n<div class=\"brz-row__container brz-css-g1lc5\" data-brz-custom-id=\"zmjtpuodsbggjotxxtocqkdpiawvlxqoesjx\">\n<div class=\"brz-bg\"><\/div>\n<div class=\"brz-row brz-css-mQKUC brz-css-gjj6n\">\n<div class=\"brz-columns brz-css-zbHW7 brz-css-jaxap\" data-brz-custom-id=\"ofslzkbjthjjgwzzedmgjfnkmowcmkwtlwtk\">\n<div class=\"brz-bg\"><\/div>\n<div class=\"brz-column__items brz-css-eddGf\">\n<div id class=\"brz-css-pm1jy brz-css-dja7D brz-wrapper\">\n<div class=\"brz-spacer brz-css-sQt56\"><\/div>\n<\/div>\n<\/div>\n<\/div>\n<div class=\"brz-columns brz-css-zbHW7 brz-css-y5HqA\" data-brz-custom-id=\"mybrlxufwwnzipvqdtkzieaaiqsklvgpordy\">\n<div class=\"brz-bg\"><\/div>\n<div class=\"brz-column__items brz-css-eddGf\">\n<div id class=\"brz-css-pm1jy brz-css-vpmUl brz-wrapper\">\n<div class=\"brz-rich-text brz-rich-text__custom brz-css-sbSYq\" data-brz-custom-id=\"imbjeuhgpfobmppetiybfdgcshnffevldrol\">\n<div data-brz-translate-text=\"1\">\n<p class=\"brz-tp-heading1 brz-text-lg-center brz-css-u0Zt0\"><span class=\"brz-cp-color2\">Contact Us<\/span><\/p>\n<\/div>\n<\/div>\n<\/div>\n<div id class=\"brz-css-pm1jy brz-wrapper\">\n<div class=\"brz-rich-text brz-rich-text__custom brz-css-sbSYq\" data-brz-custom-id=\"fejvauevlnenkvcascsughctlvkvtqqgyzqj\">\n<div data-brz-translate-text=\"1\">\n<p class=\"brz-text-lg-center brz-tp-paragraph brz-css-f0E_L\"><span class=\"brz-cp-color7\">Massa sed elementum tempus egestas sed sed risus. Risus at ultrices mi tempus imperdiet nulla malesuada pellentesque elit.<\/span><\/p>\n<\/div>\n<\/div>\n<\/div>\n<\/div>\n<\/div>\n<div class=\"brz-columns brz-css-zbHW7 brz-css-rlgRM\" data-brz-custom-id=\"fvezhhshtikqpbamgfzfbmdidhemdzjjpsct\">\n<div class=\"brz-bg\"><\/div>\n<div class=\"brz-column__items brz-css-eddGf\">\n<div id class=\"brz-css-pm1jy brz-css-dja7D brz-wrapper\">\n<div class=\"brz-spacer brz-css-sQt56\"><\/div>\n<\/div>\n<\/div>\n<\/div>\n<\/div>\n<\/div>\n<\/div>\n<\/div>\n<\/section>\n<section id=\"pzdxafcnaemqlhijdijbupvbzoxhowrlicyn\" class=\"brz-section brz-css-gTUrQ\">\n<div class=\"brz-section__content brz-section--boxed brz-css-q1tmj brz-css-l00B2\" data-brz-custom-id=\"pfuurwsmovyldlwqyudwzasqtbpdpepknsjg\">\n<div class=\"brz-bg\">\n<div class=\"brz-bg-color\"><\/div>\n<\/div>\n<div class=\"brz-container brz-css-kJPCx\">\n<div class=\"brz-row__container brz-css-g1lc5\" data-brz-custom-id=\"padoxjmqlgpzeumprcwocjgcgiddhflmvlze\">\n<div class=\"brz-bg\"><\/div>\n<div class=\"brz-row brz-css-mQKUC brz-css-gjj6n\">\n<div class=\"brz-columns brz-css-zbHW7 brz-css-vIm2b\" data-brz-custom-id=\"jzpyumlsqtdlzltzdpewipitqeayscuwfvie\">\n<div class=\"brz-bg\">\n<div class=\"brz-bg-color\"><\/div>\n<\/div>\n<div class=\"brz-column__items brz-css-eddGf brz-css-gAEVt\">\n<div class=\"brz-wrapper-clone brz-css-shjwT\">\n<div class=\"brz-d-xs-flex brz-flex-xs-wrap brz-css-zM9s2\" data-brz-custom-id>\n<div class=\"brz-wrapper-clone__item\" id=\"qetlzcguzdjgozhgvvrzsumsizcraynsjsra\">\n<div class=\"brz-icon__container\" data-brz-custom-id=\"qetlzcguzdjgozhgvvrzsumsizcraynsjsra\"><span class=\"brz-icon brz-span brz-css-yg2xT brz-css-xz4JB\"><\/span><\/div>\n<\/div>\n<\/div>\n<\/div>\n<div id class=\"brz-css-pm1jy brz-wrapper\">\n<div class=\"brz-rich-text brz-rich-text__custom brz-css-sbSYq\" data-brz-custom-id=\"cfxdsofqjffitudveeffcmfcgosjdensoptf\">\n<div data-brz-translate-text=\"1\">\n<p class=\"brz-text-lg-center brz-tp-heading5 brz-css-zwuvO\"><span class=\"brz-cp-color2\">Physical Address<\/span><\/p>\n<\/div>\n<\/div>\n<\/div>\n<div id class=\"brz-css-pm1jy brz-wrapper\">\n<div class=\"brz-rich-text brz-rich-text__custom brz-css-sbSYq\" data-brz-custom-id=\"bsxkjjiolmuunvomfapdxzukprkvgcgpnknp\">\n<div data-brz-translate-text=\"1\">\n<p class=\"brz-tp-paragraph brz-text-lg-center brz-css-xqFRp\"><span class=\"brz-cp-color7\">304 North Cardinal St.<\/span><\/p>\n<p class=\"brz-tp-paragraph brz-text-lg-center brz-css-t5w2w\"><span class=\"brz-cp-color7\">Dorchester Center, MA 02124<\/span><\/p>\n<\/div>\n<\/div>\n<\/div>\n<\/div>\n<\/div>\n<div class=\"brz-columns brz-css-zbHW7 brz-css-oFxa1\" data-brz-custom-id=\"yejmocmixqquwvlbwefrdngtwiztobwouwnd\">\n<div class=\"brz-bg\">\n<div class=\"brz-bg-color\"><\/div>\n<\/div>\n<div class=\"brz-column__items brz-css-eddGf brz-css-qJS1w\">\n<div class=\"brz-wrapper-clone brz-css-shjwT\">\n<div class=\"brz-d-xs-flex brz-flex-xs-wrap brz-css-zM9s2\" data-brz-custom-id>\n<div class=\"brz-wrapper-clone__item\" id=\"bujugihdrbjmnmnrpokqhxyjqmbidoamnlfo\">\n<div class=\"brz-icon__container\" data-brz-custom-id=\"bujugihdrbjmnmnrpokqhxyjqmbidoamnlfo\"><span class=\"brz-icon brz-span brz-css-yg2xT brz-css-zovLq\"><\/span><\/div>\n<\/div>\n<\/div>\n<\/div>\n<div id class=\"brz-css-pm1jy brz-wrapper\">\n<div class=\"brz-rich-text brz-rich-text__custom brz-css-sbSYq\" data-brz-custom-id=\"kahzdcpsgeuwpissszenvpbxcrdwwqmmtjtk\">\n<div data-brz-translate-text=\"1\">\n<p class=\"brz-text-lg-center brz-tp-heading5 brz-css-vBYwx\"><span class=\"brz-cp-color2\">Work Hours<\/span><\/p>\n<\/div>\n<\/div>\n<\/div>\n<div id class=\"brz-css-pm1jy brz-wrapper\">\n<div class=\"brz-rich-text brz-rich-text__custom brz-css-sbSYq\" data-brz-custom-id=\"fszqcznwpjcbbmoywpptnbrvurjctzawhsil\">\n<div data-brz-translate-text=\"1\">\n<p class=\"brz-tp-paragraph brz-text-lg-center brz-css-c1yLf\"><span class=\"brz-cp-color7\">Monday to Friday: 7am &#8211; 7pm<\/span><\/p>\n<p class=\"brz-tp-paragraph brz-text-lg-center brz-css-cWKsI\"><span class=\"brz-cp-color7\">Weekend: 10am &#8211; 5pm<\/span><\/p>\n<\/div>\n<\/div>\n<\/div>\n<\/div>\n<\/div>\n<div class=\"brz-columns brz-css-zbHW7 brz-css-dL8OB\" data-brz-custom-id=\"dlexermhhgxumgyalejvvqcndrsgxucwwkmn\">\n<div class=\"brz-bg\">\n<div class=\"brz-bg-color\"><\/div>\n<\/div>\n<div class=\"brz-column__items brz-css-eddGf brz-css-ntLH4\">\n<div class=\"brz-wrapper-clone brz-css-shjwT\">\n<div class=\"brz-d-xs-flex brz-flex-xs-wrap brz-css-zM9s2\" data-brz-custom-id>\n<div class=\"brz-wrapper-clone__item\" id=\"vlzfeujpwbaxwvfnwcqortxwhzhefayzxssu\">\n<div class=\"brz-icon__container\" data-brz-custom-id=\"vlzfeujpwbaxwvfnwcqortxwhzhefayzxssu\"><span class=\"brz-icon brz-span brz-css-yg2xT brz-css-rg28r\"><\/span><\/div>\n<\/div>\n<\/div>\n<\/div>\n<div id class=\"brz-css-pm1jy brz-wrapper\">\n<div class=\"brz-rich-text brz-rich-text__custom brz-css-sbSYq\" data-brz-custom-id=\"ivijdgttefmtxiwwnborqrfcicrgewnvndho\">\n<div data-brz-translate-text=\"1\">\n<p class=\"brz-text-lg-center brz-tp-heading5 brz-css-rU9uD\"><span class=\"brz-cp-color2\">Email Address<\/span><\/p>\n<\/div>\n<\/div>\n<\/div>\n<div id class=\"brz-css-pm1jy brz-wrapper\">\n<div class=\"brz-rich-text brz-rich-text__custom brz-css-sbSYq\" data-brz-custom-id=\"xwslmovqjiqjaxcfgjfmslfctfssnmepjnjh\">\n<div data-brz-translate-text=\"1\">\n<p class=\"brz-text-lg-center brz-tp-paragraph brz-css-r_m_c\"><span class=\"brz-cp-color7\">info@company.com<\/span><\/p>\n<p class=\"brz-text-lg-center brz-tp-paragraph brz-css-tJUJg\"><span class=\"brz-cp-color7\">contact@company.com<\/span><\/p>\n<\/div>\n<\/div>\n<\/div>\n<\/div>\n<\/div>\n<div class=\"brz-columns brz-css-zbHW7 brz-css-v3Mfx\" data-brz-custom-id=\"hgzdamvkislkjuyawjtgeagvdtmonmvsabod\">\n<div class=\"brz-bg\">\n<div class=\"brz-bg-color\"><\/div>\n<\/div>\n<div class=\"brz-column__items brz-css-eddGf brz-css-bglaY\">\n<div class=\"brz-wrapper-clone brz-css-shjwT\">\n<div class=\"brz-d-xs-flex brz-flex-xs-wrap brz-css-zM9s2\" data-brz-custom-id>\n<div class=\"brz-wrapper-clone__item\" id=\"ccxlephxnesmdwzzawxwiyjbjovrukwwqtul\">\n<div class=\"brz-icon__container\" data-brz-custom-id=\"ccxlephxnesmdwzzawxwiyjbjovrukwwqtul\"><span class=\"brz-icon brz-span brz-css-yg2xT brz-css-iQBrU\"><\/span><\/div>\n<\/div>\n<\/div>\n<\/div>\n<div id class=\"brz-css-pm1jy brz-wrapper\">\n<div class=\"brz-rich-text brz-rich-text__custom brz-css-sbSYq\" data-brz-custom-id=\"zikiolmoaeulocxatelskmgdemdbwrnecvxn\">\n<div data-brz-translate-text=\"1\">\n<p class=\"brz-text-lg-center brz-tp-heading5 brz-css-hVtwC\"><span class=\"brz-cp-color2\">Phone Numbers<\/span><\/p>\n<\/div>\n<\/div>\n<\/div>\n<div id class=\"brz-css-pm1jy brz-wrapper\">\n<div class=\"brz-rich-text brz-rich-text__custom brz-css-sbSYq\" data-brz-custom-id=\"tcpulkmndkdgofvtdztrfszbwmfkpewqchyr\">\n<div data-brz-translate-text=\"1\">\n<p class=\"brz-text-lg-center brz-tp-paragraph brz-css-gQybH\"><span class=\"brz-cp-color7\">1-555-123-4567<\/span><\/p>\n<p class=\"brz-text-lg-center brz-tp-paragraph brz-css-duPNY\"><span class=\"brz-cp-color7\">1-800-123-4567<\/span><\/p>\n<\/div>\n<\/div>\n<\/div>\n<\/div>\n<\/div>\n<\/div>\n<\/div>\n<div id class=\"brz-css-pm1jy brz-css-dja7D brz-css-batWL brz-wrapper\">\n<div class=\"brz-spacer brz-css-sQt56 brz-css-x5mEk\"><\/div>\n<\/div>\n<div class=\"brz-row__container brz-css-g1lc5\" data-brz-custom-id=\"nktemlrlimjsmjnedetffnaesbezdvlxxqes\">\n<div class=\"brz-bg\"><\/div>\n<div class=\"brz-row brz-css-mQKUC brz-css-gjj6n\">\n<div class=\"brz-columns brz-css-zbHW7\" data-brz-custom-id=\"sifesykgydecusdadmmkpfxveviydbxqzbxr\">\n<div class=\"brz-bg\"><\/div>\n<div class=\"brz-column__items brz-css-eddGf\">\n<div id class=\"brz-css-pm1jy brz-wrapper\">\n<div class=\"brz-map brz-map_styles brz-css-blVql brz-css-hq4R0\" data-brz-custom-id=\"xdiqhmteygpgjrixewlquedggrvdtynduzfn\">\n<div class=\"brz-map-content\"><\/div>\n<\/div>\n<\/div>\n<\/div>\n<\/div>\n<div class=\"brz-columns brz-css-zbHW7 brz-css-pwxoy\" data-brz-custom-id=\"ezkjoooggxrlzcpiziyiydjbgnmcpgngofic\">\n<div class=\"brz-bg\"><\/div>\n<div class=\"brz-column__items brz-css-eddGf brz-css-q1xTU\">\n<div id class=\"brz-css-pm1jy brz-wrapper\">\n<div class=\"brz-rich-text brz-rich-text__custom brz-css-sbSYq\" data-brz-custom-id=\"dobbtnzxcsagcvkgaieobcycjhblrvrentvr\">\n<div data-brz-translate-text=\"1\">\n<p class=\"brz-tp-heading4 brz-text-xs-left brz-css-fNboK\"><span class=\"brz-cp-color2\">We\u2019d love To Hear From You!<\/span><\/p>\n<\/div>\n<\/div>\n<\/div>\n<div id class=\"brz-css-pm1jy brz-wrapper\">\n<div data-brz-form-version=\"2\" class=\"brz-forms2 brz-css-eKJZY brz-css-b94Ev\" data-brz-custom-id=\"qtambbxwrxomlaeuxkvrwtfdxrcpmxnalxqp\">\n<div data-brz-translate-text=\"1\" class=\"brz-forms2__item brz-css-rGmJv brz-css-ud9DM brz-css-zagXk\"><label class=\"brz-label brz-forms2__field-label\" for=\"gZDMu0t6sdOa\">First &amp; Last Name (required)<\/label><\/div>\n<div data-brz-translate-text=\"1\" class=\"brz-forms2__item brz-css-rGmJv brz-css-ud9DM brz-css-zagXk\"><label class=\"brz-label brz-forms2__field-label\" for=\"gNyQ7DafSUoc\">Email Address (required)<\/label><\/div>\n<div data-brz-translate-text=\"1\" class=\"brz-forms2__item brz-css-rGmJv brz-css-ud9DM brz-css-zagXk\"><label class=\"brz-label brz-forms2__field-label\" for=\"g8_uthVbvBSD\">Subject<\/label><\/div>\n<div data-brz-translate-text=\"1\" class=\"brz-forms2__item brz-css-rGmJv brz-css-ud9DM brz-css-zagXk brz-css-xmLEc\"><label class=\"brz-label brz-forms2__field-label\" for=\"uSdrYzaJ2UPd\">Subject<\/label><textarea id=\"uSdrYzaJ2UPd\" name=\"nviedchjioauyyompiwvuamfnqmevulanmud\" data-brz-type=\"Paragraph\" data-brz-label=\"Subject\" data-brz-placeholder class=\"brz-textarea brz-forms2__field brz-forms2__field-paragraph brz-p-events--none\"><\/textarea><\/div>\n<div class=\"brz-forms2 brz-forms2__item brz-forms2__item-button\" data-brz-custom-id=\"qtambbxwrxomlaeuxkvrwtfdxrcpmxnalxqp\"><button class=\"brz-btn brz-btn-submit brz-css-fVd56 brz-css-zNcuu\" data-brz-custom-id=\"cecvbzappcdxzbqeixyxwyyjsoxmklgvklwe\"><span data-brz-translate-text=\"1\" class=\"brz-span brz-text__editor\">Send Message<\/span><\/button>!function(){function t(t){this.element=t,this.animationId,this.start=null,this.init()}if(!window.requestAnimationFrame){var i=null;window.requestAnimationFrame=function(t,n){var e=(new Date).getTime();i||(i=e);var a=Math.max(0,16-(e-i)),o=window.setTimeout(function(){t(e+a)},a);return i=e+a,o}}t.prototype.init=function(){var t=this;this.animationId=window.requestAnimationFrame(t.triggerAnimation.bind(t))},t.prototype.reset=function(){var t=this;window.cancelAnimationFrame(t.animationId)},t.prototype.triggerAnimation=function(t){var i=this;this.start||(this.start=t);var n=t-this.start;504&gt;n||(this.start=this.start+504),this.element.setAttribute(&quot;transform&quot;,&quot;rotate(&quot;+Math.min(n\/1.4,360)+&quot; 12 12)&quot;);if(document.documentElement.contains(this.element))window.requestAnimationFrame(i.triggerAnimation.bind(i))};var n=document.getElementsByClassName(&quot;nc-loop_circle-02-24&quot;),e=[];if(n)for(var a=0;n.length&gt;a;a++)!function(i){e.push(new t(n[i]))}(a);document.addEventListener(&quot;visibilitychange&quot;,function(){&quot;hidden&quot;==document.visibilityState?e.forEach(function(t){t.reset()}):e.forEach(function(t){t.init()})})}();<\/div>\n<\/div>\n<\/div>\n<\/div>\n<\/div>\n<\/div>\n<\/div>\n<\/div>\n<\/div>\n<\/section>\n<\/div>\n<p>    <!-- version:1739995631 --><\/p>\n","protected":false},"excerpt":{"rendered":"<p>Contact Us Massa sed elementum tempus egestas sed sed risus. Risus at ultrices mi tempus imperdiet nulla malesuada pellentesque elit. Physical Address 304 North Cardinal St. Dorchester Center, MA 02124 Work Hours Monday to Friday: 7am &#8211; 7pm Weekend: 10am &#8211; 5pm Email Address info@company.com contact@company.com Phone Numbers 1-555-123-4567 1-800-123-4567 We\u2019d love To Hear From [&hellip;]<\/p>\n","protected":false},"author":1,"featured_media":0,"parent":0,"menu_order":0,"comment_status":"closed","ping_status":"closed","template":"","meta":{"footnotes":""},"class_list":["post-1051","page","type-page","status-publish","hentry"],"blocksy_meta":{"page_title_panel":"","has_hero_section":"disabled","1667bfed60a2e575eaef4ac63d6a1cfc":"","hero_section":"type-1","hero_elements":[{"id":"custom_title","enabled":true,"heading_tag":"h1","title":"Home"},{"id":"custom_description","enabled":true,"description_visibility":{"desktop":true,"tablet":true,"mobile":false}},{"id":"custom_meta","enabled":false,"meta_elements":[{"id":"author","enabled":true,"label":"By","has_author_avatar":"yes","avatar_size":25},{"id":"post_date","enabled":true,"label":"On","date_format_source":"default","date_format":"M j, Y"},{"id":"comments","enabled":true}],"page_meta_elements":{"joined":true,"articles_count":true,"comments":true}},{"id":"breadcrumbs","enabled":false}],"39798c53b94a591b894263fcd02fbb5a":"","hero_alignment1":"left","hero_alignment2":"center","hero_vertical_alignment":"center","hero_structure":"narrow","77d3fc9956e7489db001bed58bddabb6":"","hero_height":"230px","parallax":{"desktop":false,"tablet":false,"mobile":false},"pageTitleFont":{"family":"Default","variation":"Default","size":{"desktop":"32px","tablet":"30px","mobile":"25px"},"line-height":"1.3","letter-spacing":"CT_CSS_SKIP_RULE","text-transform":"CT_CSS_SKIP_RULE","text-decoration":"CT_CSS_SKIP_RULE"},"pageTitleFontColor":{"default":{"color":"CT_CSS_SKIP_RULEDEFAULT"}},"pageMetaFont":{"family":"Default","variation":"n6","size":{"desktop":"12px","tablet":"12px","mobile":"12px"},"line-height":"1.3","letter-spacing":"CT_CSS_SKIP_RULE","text-transform":"uppercase","text-decoration":"CT_CSS_SKIP_RULE"},"pageMetaFontColor":{"default":{"color":"CT_CSS_SKIP_RULEDEFAULT"},"hover":{"color":"CT_CSS_SKIP_RULEDEFAULT"}},"pageExcerptFont":{"family":"Default","variation":"n5","size":"CT_CSS_SKIP_RULE","line-height":"CT_CSS_SKIP_RULE","letter-spacing":"CT_CSS_SKIP_RULE","text-transform":"CT_CSS_SKIP_RULE","text-decoration":"CT_CSS_SKIP_RULE"},"pageExcerptColor":{"default":{"color":"CT_CSS_SKIP_RULEDEFAULT"}},"breadcrumbsFont":{"family":"Default","variation":"n6","size":"12px","line-height":"CT_CSS_SKIP_RULE","letter-spacing":"CT_CSS_SKIP_RULE","text-transform":"uppercase","text-decoration":"CT_CSS_SKIP_RULE"},"breadcrumbsFontColor":{"default":{"color":"CT_CSS_SKIP_RULEDEFAULT"},"initial":{"color":"CT_CSS_SKIP_RULEDEFAULT"},"hover":{"color":"CT_CSS_SKIP_RULEDEFAULT"}},"pageTitleOverlay":{"default":{"color":"rgba(41, 51, 60, 0.2)"}},"pageTitleBackground":{"background_type":"color","background_pattern":"type-1","background_image":{"attachment_id":null,"x":0,"y":0},"background_repeat":"no-repeat","background_size":"auto","background_attachment":"scroll","patternColor":{"default":{"color":"#e5e7ea"}},"backgroundColor":{"default":{"color":"#EDEFF2"}}},"abf59183720545dc620a4f75a7e2f674":"","page_structure_type":"default","content_style":"inherit","vertical_spacing_source":"custom","content_area_spacing":"none","background":{"background_type":"color","background_pattern":"type-1","background_image":{"attachment_id":null,"x":0,"y":0},"background_repeat":"no-repeat","background_size":"auto","background_attachment":"scroll","patternColor":{"default":{"color":"#e5e7ea"}},"backgroundColor":{"default":{"color":"CT_CSS_SKIP_RULE"}}},"content_background":{"background_type":"color","background_pattern":"type-1","background_image":{"attachment_id":null,"x":0,"y":0},"background_repeat":"no-repeat","background_size":"auto","background_attachment":"scroll","patternColor":{"default":{"color":"#e5e7ea"}},"backgroundColor":{"default":{"color":"#ffffff"}}},"content_boxed_spacing":{"desktop":"40px","tablet":"35px","mobile":"20px"},"content_boxed_radius":{"top":"3px","bottom":"3px","left":"3px","right":"3px","linked":true},"content_boxed_shadow":{"blur":18,"spread":-6,"v_offset":12,"h_offset":0,"inset":false,"enable":true,"color":{"color":"rgba(34, 56, 101, 0.04)"}},"217d8b41f05e3b3f5a99023369e0a492":"","disable_featured_image":"no","disable_header":"no","disable_footer":"no","styles_descriptor":{"styles":{"desktop":"","tablet":"","mobile":""},"google_fonts":[]}},"yoast_head":"<!-- This site is optimized with the Yoast SEO plugin v21.8.1 - https:\/\/yoast.com\/wordpress\/plugins\/seo\/ -->\n<title>Contact Us - Services Privil\u00e8ge<\/title>\n<meta name=\"robots\" content=\"index, follow, max-snippet:-1, max-image-preview:large, max-video-preview:-1\" \/>\n<link rel=\"canonical\" href=\"https:\/\/dreamy-aryabhata.88-208-243-145.plesk.page\/index.php\/contact-us\/\" \/>\n<meta property=\"og:locale\" content=\"fr_FR\" \/>\n<meta property=\"og:type\" content=\"article\" \/>\n<meta property=\"og:title\" content=\"Contact Us - Services Privil\u00e8ge\" \/>\n<meta property=\"og:description\" content=\"Contact Us Massa sed elementum tempus egestas sed sed risus. Risus at ultrices mi tempus imperdiet nulla malesuada pellentesque elit. Physical Address 304 North Cardinal St. Dorchester Center, MA 02124 Work Hours Monday to Friday: 7am &#8211; 7pm Weekend: 10am &#8211; 5pm Email Address info@company.com contact@company.com Phone Numbers 1-555-123-4567 1-800-123-4567 We\u2019d love To Hear From [&hellip;]\" \/>\n<meta property=\"og:url\" content=\"https:\/\/dreamy-aryabhata.88-208-243-145.plesk.page\/index.php\/contact-us\/\" \/>\n<meta property=\"og:site_name\" content=\"Services Privil\u00e8ge\" \/>\n<meta property=\"article:modified_time\" content=\"2025-02-19T20:07:11+00:00\" \/>\n<meta name=\"twitter:card\" content=\"summary_large_image\" \/>\n<meta name=\"twitter:label1\" content=\"Dur\u00e9e de lecture estim\u00e9e\" \/>\n\t<meta name=\"twitter:data1\" content=\"1 minute\" \/>\n<script type=\"application\/ld+json\" class=\"yoast-schema-graph\">{\"@context\":\"https:\/\/schema.org\",\"@graph\":[{\"@type\":\"WebPage\",\"@id\":\"https:\/\/dreamy-aryabhata.88-208-243-145.plesk.page\/index.php\/contact-us\/\",\"url\":\"https:\/\/dreamy-aryabhata.88-208-243-145.plesk.page\/index.php\/contact-us\/\",\"name\":\"Contact Us - Services Privil\u00e8ge\",\"isPartOf\":{\"@id\":\"https:\/\/dreamy-aryabhata.88-208-243-145.plesk.page\/#website\"},\"datePublished\":\"2020-07-28T10:14:02+00:00\",\"dateModified\":\"2025-02-19T20:07:11+00:00\",\"breadcrumb\":{\"@id\":\"https:\/\/dreamy-aryabhata.88-208-243-145.plesk.page\/index.php\/contact-us\/#breadcrumb\"},\"inLanguage\":\"fr-FR\",\"potentialAction\":[{\"@type\":\"ReadAction\",\"target\":[\"https:\/\/dreamy-aryabhata.88-208-243-145.plesk.page\/index.php\/contact-us\/\"]}]},{\"@type\":\"BreadcrumbList\",\"@id\":\"https:\/\/dreamy-aryabhata.88-208-243-145.plesk.page\/index.php\/contact-us\/#breadcrumb\",\"itemListElement\":[{\"@type\":\"ListItem\",\"position\":1,\"name\":\"Accueil\",\"item\":\"https:\/\/dreamy-aryabhata.88-208-243-145.plesk.page\/\"},{\"@type\":\"ListItem\",\"position\":2,\"name\":\"Contact Us\"}]},{\"@type\":\"WebSite\",\"@id\":\"https:\/\/dreamy-aryabhata.88-208-243-145.plesk.page\/#website\",\"url\":\"https:\/\/dreamy-aryabhata.88-208-243-145.plesk.page\/\",\"name\":\"Services Privil\u00e8ge\",\"description\":\"\",\"publisher\":{\"@id\":\"https:\/\/dreamy-aryabhata.88-208-243-145.plesk.page\/#organization\"},\"potentialAction\":[{\"@type\":\"SearchAction\",\"target\":{\"@type\":\"EntryPoint\",\"urlTemplate\":\"https:\/\/dreamy-aryabhata.88-208-243-145.plesk.page\/?s={search_term_string}\"},\"query-input\":\"required name=search_term_string\"}],\"inLanguage\":\"fr-FR\"},{\"@type\":\"Organization\",\"@id\":\"https:\/\/dreamy-aryabhata.88-208-243-145.plesk.page\/#organization\",\"name\":\"Services Privil\u00e8ge\",\"url\":\"https:\/\/dreamy-aryabhata.88-208-243-145.plesk.page\/\",\"logo\":{\"@type\":\"ImageObject\",\"inLanguage\":\"fr-FR\",\"@id\":\"https:\/\/dreamy-aryabhata.88-208-243-145.plesk.page\/#\/schema\/logo\/image\/\",\"url\":\"https:\/\/dreamy-aryabhata.88-208-243-145.plesk.page\/wp-content\/uploads\/2020\/03\/logo.svg\",\"contentUrl\":\"https:\/\/dreamy-aryabhata.88-208-243-145.plesk.page\/wp-content\/uploads\/2020\/03\/logo.svg\",\"width\":191,\"height\":35,\"caption\":\"Services Privil\u00e8ge\"},\"image\":{\"@id\":\"https:\/\/dreamy-aryabhata.88-208-243-145.plesk.page\/#\/schema\/logo\/image\/\"}}]}<\/script>\n<!-- \/ Yoast SEO plugin. -->","yoast_head_json":{"title":"Contact Us - Services Privil\u00e8ge","robots":{"index":"index","follow":"follow","max-snippet":"max-snippet:-1","max-image-preview":"max-image-preview:large","max-video-preview":"max-video-preview:-1"},"canonical":"https:\/\/dreamy-aryabhata.88-208-243-145.plesk.page\/index.php\/contact-us\/","og_locale":"fr_FR","og_type":"article","og_title":"Contact Us - Services Privil\u00e8ge","og_description":"Contact Us Massa sed elementum tempus egestas sed sed risus. Risus at ultrices mi tempus imperdiet nulla malesuada pellentesque elit. Physical Address 304 North Cardinal St. Dorchester Center, MA 02124 Work Hours Monday to Friday: 7am &#8211; 7pm Weekend: 10am &#8211; 5pm Email Address info@company.com contact@company.com Phone Numbers 1-555-123-4567 1-800-123-4567 We\u2019d love To Hear From [&hellip;]","og_url":"https:\/\/dreamy-aryabhata.88-208-243-145.plesk.page\/index.php\/contact-us\/","og_site_name":"Services Privil\u00e8ge","article_modified_time":"2025-02-19T20:07:11+00:00","twitter_card":"summary_large_image","twitter_misc":{"Dur\u00e9e de lecture estim\u00e9e":"1 minute"},"schema":{"@context":"https:\/\/schema.org","@graph":[{"@type":"WebPage","@id":"https:\/\/dreamy-aryabhata.88-208-243-145.plesk.page\/index.php\/contact-us\/","url":"https:\/\/dreamy-aryabhata.88-208-243-145.plesk.page\/index.php\/contact-us\/","name":"Contact Us - Services Privil\u00e8ge","isPartOf":{"@id":"https:\/\/dreamy-aryabhata.88-208-243-145.plesk.page\/#website"},"datePublished":"2020-07-28T10:14:02+00:00","dateModified":"2025-02-19T20:07:11+00:00","breadcrumb":{"@id":"https:\/\/dreamy-aryabhata.88-208-243-145.plesk.page\/index.php\/contact-us\/#breadcrumb"},"inLanguage":"fr-FR","potentialAction":[{"@type":"ReadAction","target":["https:\/\/dreamy-aryabhata.88-208-243-145.plesk.page\/index.php\/contact-us\/"]}]},{"@type":"BreadcrumbList","@id":"https:\/\/dreamy-aryabhata.88-208-243-145.plesk.page\/index.php\/contact-us\/#breadcrumb","itemListElement":[{"@type":"ListItem","position":1,"name":"Accueil","item":"https:\/\/dreamy-aryabhata.88-208-243-145.plesk.page\/"},{"@type":"ListItem","position":2,"name":"Contact Us"}]},{"@type":"WebSite","@id":"https:\/\/dreamy-aryabhata.88-208-243-145.plesk.page\/#website","url":"https:\/\/dreamy-aryabhata.88-208-243-145.plesk.page\/","name":"Services Privil\u00e8ge","description":"","publisher":{"@id":"https:\/\/dreamy-aryabhata.88-208-243-145.plesk.page\/#organization"},"potentialAction":[{"@type":"SearchAction","target":{"@type":"EntryPoint","urlTemplate":"https:\/\/dreamy-aryabhata.88-208-243-145.plesk.page\/?s={search_term_string}"},"query-input":"required name=search_term_string"}],"inLanguage":"fr-FR"},{"@type":"Organization","@id":"https:\/\/dreamy-aryabhata.88-208-243-145.plesk.page\/#organization","name":"Services Privil\u00e8ge","url":"https:\/\/dreamy-aryabhata.88-208-243-145.plesk.page\/","logo":{"@type":"ImageObject","inLanguage":"fr-FR","@id":"https:\/\/dreamy-aryabhata.88-208-243-145.plesk.page\/#\/schema\/logo\/image\/","url":"https:\/\/dreamy-aryabhata.88-208-243-145.plesk.page\/wp-content\/uploads\/2020\/03\/logo.svg","contentUrl":"https:\/\/dreamy-aryabhata.88-208-243-145.plesk.page\/wp-content\/uploads\/2020\/03\/logo.svg","width":191,"height":35,"caption":"Services Privil\u00e8ge"},"image":{"@id":"https:\/\/dreamy-aryabhata.88-208-243-145.plesk.page\/#\/schema\/logo\/image\/"}}]}},"_links":{"self":[{"href":"https:\/\/dreamy-aryabhata.88-208-243-145.plesk.page\/index.php\/wp-json\/wp\/v2\/pages\/1051","targetHints":{"allow":["GET"]}}],"collection":[{"href":"https:\/\/dreamy-aryabhata.88-208-243-145.plesk.page\/index.php\/wp-json\/wp\/v2\/pages"}],"about":[{"href":"https:\/\/dreamy-aryabhata.88-208-243-145.plesk.page\/index.php\/wp-json\/wp\/v2\/types\/page"}],"author":[{"embeddable":true,"href":"https:\/\/dreamy-aryabhata.88-208-243-145.plesk.page\/index.php\/wp-json\/wp\/v2\/users\/1"}],"replies":[{"embeddable":true,"href":"https:\/\/dreamy-aryabhata.88-208-243-145.plesk.page\/index.php\/wp-json\/wp\/v2\/comments?post=1051"}],"version-history":[{"count":0,"href":"https:\/\/dreamy-aryabhata.88-208-243-145.plesk.page\/index.php\/wp-json\/wp\/v2\/pages\/1051\/revisions"}],"wp:attachment":[{"href":"https:\/\/dreamy-aryabhata.88-208-243-145.plesk.page\/index.php\/wp-json\/wp\/v2\/media?parent=1051"}],"curies":[{"name":"wp","href":"https:\/\/api.w.org\/{rel}","templated":true}]}}